{"id":329,"date":"2019-04-04T06:41:59","date_gmt":"2019-04-04T06:41:59","guid":{"rendered":"https:\/\/victorthemes.com\/themes\/windfall\/?page_id=329"},"modified":"2024-01-21T03:06:59","modified_gmt":"2024-01-21T00:06:59","slug":"about-us","status":"publish","type":"page","link":"https:\/\/alemdarotomasyon.com\/index.php\/about-us\/","title":{"rendered":"Hakk\u0131m\u0131zda"},"content":{"rendered":"\t\t<div data-elementor-type=\"wp-post\" data-elementor-id=\"329\" class=\"elementor elementor-329\">\n\t\t\t\t\t\t<section class=\"elementor-section elementor-top-section elementor-element elementor-element-9937da2 elementor-section-full_width elementor-section-height-default elementor-section-height-default\" data-id=\"9937da2\" data-element_type=\"section\">\n\t\t\t\t\t\t<div class=\"elementor-container elementor-column-gap-default\">\n\t\t\t\t\t<div class=\"elementor-column elementor-col-50 elementor-top-column elementor-element elementor-element-dc43839\" data-id=\"dc43839\" data-element_type=\"column\">\n\t\t\t<div class=\"elementor-widget-wrap elementor-element-populated\">\n\t\t\t\t\t\t<div class=\"elementor-element elementor-element-685d854 elementor-widget elementor-widget-image\" data-id=\"685d854\" data-element_type=\"widget\" data-widget_type=\"image.default\">\n\t\t\t\t<div class=\"elementor-widget-container\">\n\t\t\t\t\t\t\t\t\t\t\t\t\t\t\t<img fetchpriority=\"high\" decoding=\"async\" width=\"500\" height=\"375\" src=\"https:\/\/alemdarotomasyon.com\/wp-content\/uploads\/2024\/01\/web-kullan-14-Kopya.jpg\" class=\"attachment-full size-full wp-image-1283\" alt=\"\" srcset=\"https:\/\/alemdarotomasyon.com\/wp-content\/uploads\/2024\/01\/web-kullan-14-Kopya.jpg 500w, https:\/\/alemdarotomasyon.com\/wp-content\/uploads\/2024\/01\/web-kullan-14-Kopya-300x225.jpg 300w\" sizes=\"(max-width: 500px) 100vw, 500px\" \/>\t\t\t\t\t\t\t\t\t\t\t\t\t\t\t<\/div>\n\t\t\t\t<\/div>\n\t\t\t\t\t<\/div>\n\t\t<\/div>\n\t\t\t\t<div class=\"elementor-column elementor-col-50 elementor-top-column elementor-element elementor-element-530b525\" data-id=\"530b525\" data-element_type=\"column\">\n\t\t\t<div class=\"elementor-widget-wrap elementor-element-populated\">\n\t\t\t\t\t\t<div class=\"elementor-element elementor-element-9d79480 elementor-widget elementor-widget-heading\" data-id=\"9d79480\" data-element_type=\"widget\" data-widget_type=\"heading.default\">\n\t\t\t\t<div class=\"elementor-widget-container\">\n\t\t\t\t\t<h2 class=\"elementor-heading-title elementor-size-default\">Alemdar Otomasyon - End\u00fcstriyel S\u00fcre\u00e7lerde Teknoloji Lideri<\/h2>\t\t\t\t<\/div>\n\t\t\t\t<\/div>\n\t\t\t\t<div class=\"elementor-element elementor-element-1af578e elementor-widget elementor-widget-heading\" data-id=\"1af578e\" data-element_type=\"widget\" data-widget_type=\"heading.default\">\n\t\t\t\t<div class=\"elementor-widget-container\">\n\t\t\t\t\t<p class=\"elementor-heading-title elementor-size-default\">Alemdar Otomasyon, end\u00fcstriyel otomasyon alan\u0131nda \u00e7\u00f6z\u00fcm odakl\u0131 yakla\u015f\u0131m\u0131 ve uzman kadrosuyla m\u00fc\u015fterilerine m\u00fckemmel hizmet sunmaktad\u0131r. End\u00fcstriyel otomasyonun g\u00fcc\u00fc ile, i\u015f s\u00fcre\u00e7lerinizi daha verimli, g\u00fcvenilir ve rekabet\u00e7i hale getirmenize yard\u0131mc\u0131 oluyoruz.<\/p>\t\t\t\t<\/div>\n\t\t\t\t<\/div>\n\t\t\t\t<div class=\"elementor-element elementor-element-a21cb89 elementor-widget elementor-widget-text-editor\" data-id=\"a21cb89\" data-element_type=\"widget\" data-widget_type=\"text-editor.default\">\n\t\t\t\t<div class=\"elementor-widget-container\">\n\t\t\t\t\t\t\t\t\t<p>End\u00fcstriyel otomasyon s\u00fcre\u00e7lerinizi optimize etmek ve gelece\u011fin \u00fcretim standartlar\u0131na ula\u015fmak i\u00e7in bug\u00fcn Alemdar Otomasyon ile ileti\u015fime ge\u00e7in. Bize [\u0130leti\u015fim Bilgileri] \u00fczerinden ula\u015fabilir veya [\u0130leti\u015fim Formu] \u00fczerinden taleplerinizi iletebilirsiniz.<\/p><p>Alemdar Otomasyon, end\u00fcstriyel otomasyonun g\u00fcc\u00fcyle gelece\u011fi \u015fekillendiriyor. Sizi de bu yolculu\u011fa davet ediyoruz!<\/p>\t\t\t\t\t\t\t\t<\/div>\n\t\t\t\t<\/div>\n\t\t\t\t\t<\/div>\n\t\t<\/div>\n\t\t\t\t\t<\/div>\n\t\t<\/section>\n\t\t\t\t<section class=\"elementor-section elementor-top-section elementor-element elementor-element-4f2bcb2 elementor-section-stretched elementor-section-full_width elementor-section-height-default elementor-section-height-default\" data-id=\"4f2bcb2\" data-element_type=\"section\" data-settings=\"{&quot;stretch_section&quot;:&quot;section-stretched&quot;,&quot;background_background&quot;:&quot;classic&quot;}\">\n\t\t\t\t\t\t<div class=\"elementor-container elementor-column-gap-default\">\n\t\t\t\t\t<div class=\"elementor-column elementor-col-100 elementor-top-column elementor-element elementor-element-e83ae5e\" data-id=\"e83ae5e\" data-element_type=\"column\">\n\t\t\t<div class=\"elementor-widget-wrap elementor-element-populated\">\n\t\t\t\t\t\t<div class=\"elementor-element elementor-element-480e55d elementor-widget elementor-widget-vt-windfall_features\" data-id=\"480e55d\" data-element_type=\"widget\" data-settings=\"{&quot;features_align&quot;:&quot;center&quot;}\" data-widget_type=\"vt-windfall_features.default\">\n\t\t\t\t<div class=\"elementor-widget-container\">\n\t\t\t\t\t<div class=\"wndfal-features center-align\"><div class=\"container\"><div class=\"row\"><div class=\"col-lg-3 col-md-6\">\r\n\t\t\t\t\t\t\t        <div class=\"feature-item\">\r\n\t\t\t\t\t\t\t           <div class=\"wndfal-icon\"><i class=\"ti-timer\" aria-hidden=\"true\"><\/i><\/div>\r\n\t\t\t\t\t\t\t          <h3 class=\"feature-title\"><a href=\"#0\"  >7\/24 Destek<\/a><\/h3><p>All our electrical services are available in affordable prices never pay extra amount after any services.<\/p>\r\n\t\t\t\t\t\t\t        <\/div>\r\n\t\t\t\t\t\t\t      <\/div><div class=\"col-lg-3 col-md-6\">\r\n\t\t\t\t\t\t\t        <div class=\"feature-item\">\r\n\t\t\t\t\t\t\t           <div class=\"wndfal-icon\"><i class=\"ti-wallet\" aria-hidden=\"true\"><\/i><\/div>\r\n\t\t\t\t\t\t\t          <h3 class=\"feature-title\"><a href=\"#0\"  >Uygun Teklifler<\/a><\/h3><p>Startup burn rate business plan beta handshake network effects stealth freemium proof.<\/p>\r\n\t\t\t\t\t\t\t        <\/div>\r\n\t\t\t\t\t\t\t      <\/div><div class=\"col-lg-3 col-md-6\">\r\n\t\t\t\t\t\t\t        <div class=\"feature-item\">\r\n\t\t\t\t\t\t\t           <div class=\"wndfal-icon\"><i class=\"ti-bar-chart\" aria-hidden=\"true\"><\/i><\/div>\r\n\t\t\t\t\t\t\t          <h3 class=\"feature-title\"><a href=\"#0\"  >G\u00fc\u00e7l\u00fc Teknoloji<\/a><\/h3><p>Utilized for measuring flow, temperature level and pressure in the manufacturing industry.<\/p>\r\n\t\t\t\t\t\t\t        <\/div>\r\n\t\t\t\t\t\t\t      <\/div><div class=\"col-lg-3 col-md-6\">\r\n\t\t\t\t\t\t\t        <div class=\"feature-item\">\r\n\t\t\t\t\t\t\t           <div class=\"wndfal-icon\"><i class=\"ti-panel\" aria-hidden=\"true\"><\/i><\/div>\r\n\t\t\t\t\t\t\t          <h3 class=\"feature-title\">Teknik Tasar\u0131m<\/h3><p>your content text<\/p>\r\n\t\t\t\t\t\t\t        <\/div>\r\n\t\t\t\t\t\t\t      <\/div><\/div><\/div><\/div>\t\t\t\t<\/div>\n\t\t\t\t<\/div>\n\t\t\t\t\t<\/div>\n\t\t<\/div>\n\t\t\t\t\t<\/div>\n\t\t<\/section>\n\t\t\t\t<section class=\"elementor-section elementor-top-section elementor-element elementor-element-aea3eef elementor-section-stretched elementor-section-full_width elementor-section-height-default elementor-section-height-default\" data-id=\"aea3eef\" data-element_type=\"section\" data-settings=\"{&quot;stretch_section&quot;:&quot;section-stretched&quot;}\">\n\t\t\t\t\t\t<div class=\"elementor-container elementor-column-gap-default\">\n\t\t\t\t\t<div class=\"elementor-column elementor-col-100 elementor-top-column elementor-element elementor-element-ea8cf11\" data-id=\"ea8cf11\" data-element_type=\"column\">\n\t\t\t<div class=\"elementor-widget-wrap elementor-element-populated\">\n\t\t\t\t\t\t<div class=\"elementor-element elementor-element-c1b18d0 elementor-widget elementor-widget-vt-windfall_parallax_content\" data-id=\"c1b18d0\" data-element_type=\"widget\" data-widget_type=\"vt-windfall_parallax_content.default\">\n\t\t\t\t<div class=\"elementor-widget-container\">\n\t\t\t\t\t<div class=\"wndfal-reliable wndfal-parallax wndfal-overlay \">\r\n\t\t\t\t\t\t\t\t  <div class=\"container\">\r\n\t\t\t\t\t\t\t\t    <p>''G\u00fcvenilir maliyet ve g\u00fcvenlikle hizmet veren \u015firketimiz, m\u00fc\u015fterilerimize kaliteyi sunman\u0131n yan\u0131 s\u0131ra, gelece\u011fi in\u015fa etme misyonunu da ta\u015f\u0131yor. Sizin i\u00e7in daha iyisini d\u00fc\u015f\u00fcn\u00fcp uygulamak, bizim i\u00e7in bir ya\u015fam tarz\u0131 haline geldi. Hizmetlerimizdeki g\u00fcvenilirlik ve m\u00fckemmellik, bizi se\u00e7en herkesin y\u00fcz\u00fcnde memnuniyet b\u0131rakarak ge\u00e7mi\u015ften gelece\u011fe uzanan bir iz b\u0131rak\u0131yor.\"<\/p>\r\n\t\t\t\t\t\t\t\t    \r\n\t\t\t\t\t\t\t\t  <\/div>\r\n\t\t\t\t\t\t\t\t<\/div>\t\t\t\t<\/div>\n\t\t\t\t<\/div>\n\t\t\t\t\t<\/div>\n\t\t<\/div>\n\t\t\t\t\t<\/div>\n\t\t<\/section>\n\t\t\t\t<section class=\"elementor-section elementor-top-section elementor-element elementor-element-f140726 elementor-section-stretched elementor-section-full_width elementor-section-height-default elementor-section-height-default\" data-id=\"f140726\" data-element_type=\"section\" data-settings=\"{&quot;stretch_section&quot;:&quot;section-stretched&quot;,&quot;background_background&quot;:&quot;classic&quot;}\">\n\t\t\t\t\t\t<div class=\"elementor-container elementor-column-gap-default\">\n\t\t\t\t\t<div class=\"elementor-column elementor-col-100 elementor-top-column elementor-element elementor-element-368715f\" data-id=\"368715f\" data-element_type=\"column\">\n\t\t\t<div class=\"elementor-widget-wrap elementor-element-populated\">\n\t\t\t\t\t\t<div class=\"elementor-element elementor-element-af6918d elementor-widget elementor-widget-vt-windfall_client\" data-id=\"af6918d\" data-element_type=\"widget\" data-widget_type=\"vt-windfall_client.default\">\n\t\t\t\t<div class=\"elementor-widget-container\">\n\t\t\t\t\t<div class=\"wndfal-partners\">\r\n\t\t\t\t\t\t\t  <div class=\"container\">\r\n\t\t\t\t\t\t\t    <h4 class=\"partners-title\">Partnerlerimiz<\/h4>\r\n\t\t\t\t\t\t\t    <div class=\"owl-carousel\"  data-loop=\"true\" data-items=\"5\" data-margin=\"30\" data-dots=\"false\" data-nav=\"false\" data-autoplay-timeout=\"5000\" data-mouse-drag=\"true\" data-items-tablet=\"3\" data-items-mobile-landscape=\"2\" data-items-mobile-portrait=\"1\" data-rtl=\"false\"><div class=\"item\"><div class=\"partner-item\"><div class=\"wndfal-image\"><span><img decoding=\"async\" src=\"https:\/\/alemdarotomasyon.com\/wp-content\/uploads\/2024\/01\/rockwell-e1705795490525.jpg\" alt=\"\" style=\"width: 122px; height: 68.5px;\"><\/span><\/div><\/div><\/div><div class=\"item\"><div class=\"partner-item\"><div class=\"wndfal-image\"><span><img decoding=\"async\" src=\"https:\/\/alemdarotomasyon.com\/wp-content\/uploads\/2024\/01\/lnc_logo_2018-e1705795523665.png\" alt=\"\" style=\"width: 122px; height: 58.5px;\"><\/span><\/div><\/div><\/div><div class=\"item\"><div class=\"partner-item\"><div class=\"wndfal-image\"><span><img decoding=\"async\" src=\"https:\/\/alemdarotomasyon.com\/wp-content\/uploads\/2024\/01\/ab-logo-01-1-e1705795542781.png\" alt=\"\" style=\"width: 122px; height: 59.5px;\"><\/span><\/div><\/div><\/div><div class=\"item\"><div class=\"partner-item\"><div class=\"wndfal-image\"><span><img decoding=\"async\" src=\"https:\/\/alemdarotomasyon.com\/wp-content\/uploads\/2024\/01\/rs-automation-e1705795575832.jpg\" alt=\"\" style=\"width: 235.5px; height: 60px;\"><\/span><\/div><\/div><\/div><\/div><\/div><\/div>\t\t\t\t<\/div>\n\t\t\t\t<\/div>\n\t\t\t\t\t<\/div>\n\t\t<\/div>\n\t\t\t\t\t<\/div>\n\t\t<\/section>\n\t\t\t\t<\/div>\n\t\t","protected":false},"excerpt":{"rendered":"Alemdar Otomasyon &#8211; End\u00fcstriyel S\u00fcre\u00e7lerde Teknoloji Lideri Alemdar Otomasyon, end\u00fcstriyel otomasyon alan\u0131nda \u00e7\u00f6z\u00fcm odakl\u0131 yakla\u015f\u0131m\u0131 ve uzman kadrosuyla m\u00fc\u015fterilerine m\u00fckemmel hizmet sunmaktad\u0131r. End\u00fcstriyel otomasyonun g\u00fcc\u00fc ile, i\u015f s\u00fcre\u00e7lerinizi daha verimli, g\u00fcvenilir ve rekabet\u00e7i hale getirmenize yard\u0131mc\u0131 oluyoruz. End\u00fcstriyel otomasyon s\u00fcre\u00e7lerinizi optimize etmek ve gelece\u011fin \u00fcretim standartlar\u0131na ula\u015fmak i\u00e7in bug\u00fcn Alemdar Otomasyon ile ileti\u015fime ge\u00e7in. Bize&#8230;","protected":false},"author":1,"featured_media":0,"parent":0,"menu_order":0,"comment_status":"closed","ping_status":"closed","template":"","meta":{"footnotes":""},"class_list":["post-329","page","type-page","status-publish","hentry"],"_links":{"self":[{"href":"https:\/\/alemdarotomasyon.com\/index.php\/wp-json\/wp\/v2\/pages\/329","targetHints":{"allow":["GET"]}}],"collection":[{"href":"https:\/\/alemdarotomasyon.com\/index.php\/wp-json\/wp\/v2\/pages"}],"about":[{"href":"https:\/\/alemdarotomasyon.com\/index.php\/wp-json\/wp\/v2\/types\/page"}],"author":[{"embeddable":true,"href":"https:\/\/alemdarotomasyon.com\/index.php\/wp-json\/wp\/v2\/users\/1"}],"replies":[{"embeddable":true,"href":"https:\/\/alemdarotomasyon.com\/index.php\/wp-json\/wp\/v2\/comments?post=329"}],"version-history":[{"count":11,"href":"https:\/\/alemdarotomasyon.com\/index.php\/wp-json\/wp\/v2\/pages\/329\/revisions"}],"predecessor-version":[{"id":1373,"href":"https:\/\/alemdarotomasyon.com\/index.php\/wp-json\/wp\/v2\/pages\/329\/revisions\/1373"}],"wp:attachment":[{"href":"https:\/\/alemdarotomasyon.com\/index.php\/wp-json\/wp\/v2\/media?parent=329"}],"curies":[{"name":"wp","href":"https:\/\/api.w.org\/{rel}","templated":true}]}}